{"id":9550,"date":"2026-03-09T12:45:49","date_gmt":"2026-03-09T12:45:49","guid":{"rendered":"https:\/\/iversenbusser.ribemediehus.dk\/?page_id=9550"},"modified":"2026-03-17T18:35:54","modified_gmt":"2026-03-17T18:35:54","slug":"indkoebsture","status":"publish","type":"page","link":"https:\/\/iversenbusser.ribemediehus.dk\/index.php\/indkoebsture\/","title":{"rendered":"Indk\u00f8bsture"},"content":{"rendered":"<div class=\"wpb-content-wrapper\"><p>[vc_row][vc_column width=&#8221;1\/2&#8243;]\n\t\t<div id=\"wd-69b99e338dc73\" class=\"title-wrapper wd-wpb wd-set-mb reset-last-child  wd-rs-69b99e338dc73 wd-title-color-alt wd-title-style-simple text-left  wd-underline-colored\">\n\t\t\t\t\t\t\t\n\t\t\t\t<div class=\"title-subtitle  subtitle-color-alt font-default subtitle-style-background wd-font-weight- wd-fontsize-m\">Indk\u00f8bsture<\/div>\n\t\t\t\n\t\t\t<div class=\"liner-continer\">\n\t\t\t\t<h4 class=\"woodmart-title-container title  wd-font-weight- wd-fontsize-xxxl\" >Indk\u00f8bsture til Fleggard<\/h4>\n\t\t\t\t\t\t\t<\/div>\n\t\t\t\n\t\t\t\t\t\t\t<div class=\"title-after_title reset-last-child  wd-fontsize-s\">Iversens Busser k\u00f8rer 2 gange om ugen til Fleggaard i S\u00fcder L\u00fcgum.<br \/>\nSe ugens tilbud p\u00e5: fleggard.dk<br \/>\nprisen er kr. 100,00 pr person<br \/>\nTilmelding kan ske p\u00e5 tlf. 30481760 p\u00e5 hverdage mellem kl. 08 til 18.00<\/p>\n<p>Se opsamlings skema nedenfor<\/div>\n\t\t\t\n\t\t\t\n\t\t<\/div>\n\t\t\n\t\t[\/vc_column][vc_column width=&#8221;1\/2&#8243;]\t\t<div id=\"gallery_251\" class=\"wd-images-gallery wd-wpb wd-rs-69b99efd48ae8 photoswipe-images\" style=\"--wd-justify-content:center;--wd-align-items:center;\">\n\t\t\t\n\t\t\t<div class=\" wd-grid-g\" style=\"--wd-col-lg:1;--wd-col-md:1;--wd-col-sm:1;--wd-gap-lg:0px;\">\n\t\t\t\t\n\t\t\t\t\t\t\t\t\t\t\t\t\t\t\t<div class=\"wd-gallery-item wd-col\">\n\t\t\t\t\t\t\t\t\t\t\t\t\t\t<a href=\"https:\/\/iversenbusser.ribemediehus.dk\/wp-content\/uploads\/2026\/03\/5-scaled.jpg\" data-elementor-open-lightbox=\"no\" data-index=\"1\" data-width=\"2560\" data-height=\"1440\" \n\t\t\t\t\t\t\t\t\t\t\t\t >\n\t\t\t\t\t\t\t\t\n\t\t\t\t\t\t\t\t<img loading=\"lazy\" decoding=\"async\" width=\"2560\" height=\"1440\" src=\"https:\/\/iversenbusser.ribemediehus.dk\/wp-content\/uploads\/2026\/03\/5-scaled.jpg\" class=\"wd-gallery-image image-1\" alt=\"\" srcset=\"https:\/\/iversenbusser.ribemediehus.dk\/wp-content\/uploads\/2026\/03\/5-scaled.jpg 2560w, https:\/\/iversenbusser.ribemediehus.dk\/wp-content\/uploads\/2026\/03\/5-400x225.jpg 400w, https:\/\/iversenbusser.ribemediehus.dk\/wp-content\/uploads\/2026\/03\/5-1300x731.jpg 1300w, https:\/\/iversenbusser.ribemediehus.dk\/wp-content\/uploads\/2026\/03\/5-768x432.jpg 768w, https:\/\/iversenbusser.ribemediehus.dk\/wp-content\/uploads\/2026\/03\/5-1536x864.jpg 1536w, https:\/\/iversenbusser.ribemediehus.dk\/wp-content\/uploads\/2026\/03\/5-2048x1152.jpg 2048w, https:\/\/iversenbusser.ribemediehus.dk\/wp-content\/uploads\/2026\/03\/5-430x242.jpg 430w, https:\/\/iversenbusser.ribemediehus.dk\/wp-content\/uploads\/2026\/03\/5-700x394.jpg 700w, https:\/\/iversenbusser.ribemediehus.dk\/wp-content\/uploads\/2026\/03\/5-150x84.jpg 150w\" sizes=\"auto, (max-width: 2560px) 100vw, 2560px\" \/>\n\t\t\t\t\t\t\t\t\t\t\t\t\t\t\t<\/a>\n\t\t\t\t\t\t\t\t\t\t\t\t<\/div>\n\t\t\t\t\t\t\t\t\t\n\t\t\t\t\t\t\t<\/div>\n\n\t\t\t\t\t<\/div>\n\t\t[\/vc_column][\/vc_row][vc_row css=&#8221;.vc_custom_1773772382935{background-color: #005E3C !important;border-radius: 30px !important;}&#8221; woodmart_css_id=&#8221;69b99e4f43259&#8243; responsive_spacing=&#8221;eyJwYXJhbV90eXBlIjoid29vZG1hcnRfcmVzcG9uc2l2ZV9zcGFjaW5nIiwic2VsZWN0b3JfaWQiOiI2OWI5OWU0ZjQzMjU5Iiwic2hvcnRjb2RlIjoidmNfcm93IiwiZGF0YSI6eyJ0YWJsZXQiOnt9LCJtb2JpbGUiOnt9fX0=&#8221; mobile_bg_img_hidden=&#8221;no&#8221; tablet_bg_img_hidden=&#8221;no&#8221; woodmart_parallax=&#8221;0&#8243; woodmart_gradient_switch=&#8221;no&#8221; woodmart_box_shadow=&#8221;no&#8221; wd_z_index=&#8221;no&#8221; woodmart_disable_overflow=&#8221;0&#8243; row_reverse_mobile=&#8221;0&#8243; row_reverse_tablet=&#8221;0&#8243;][vc_column woodmart_color_scheme=&#8221;dark&#8221; woodmart_css_id=&#8221;69afec35c4953&#8243; parallax_scroll=&#8221;no&#8221; woodmart_sticky_column=&#8221;false&#8221; wd_collapsible_content_switcher=&#8221;no&#8221; wd_column_role_offcanvas_desktop=&#8221;no&#8221; wd_column_role_offcanvas_tablet=&#8221;no&#8221; wd_column_role_offcanvas_mobile=&#8221;no&#8221; wd_column_role_content_desktop=&#8221;no&#8221; wd_column_role_content_tablet=&#8221;no&#8221; wd_column_role_content_mobile=&#8221;no&#8221; mobile_bg_img_hidden=&#8221;no&#8221; tablet_bg_img_hidden=&#8221;no&#8221; woodmart_parallax=&#8221;0&#8243; woodmart_box_shadow=&#8221;no&#8221; responsive_spacing=&#8221;eyJwYXJhbV90eXBlIjoid29vZG1hcnRfcmVzcG9uc2l2ZV9zcGFjaW5nIiwic2VsZWN0b3JfaWQiOiI2OWFmZWMzNWM0OTUzIiwic2hvcnRjb2RlIjoidmNfY29sdW1uIiwiZGF0YSI6eyJ0YWJsZXQiOnt9LCJtb2JpbGUiOnt9fX0=&#8221; mobile_reset_margin=&#8221;no&#8221; tablet_reset_margin=&#8221;no&#8221; wd_z_index=&#8221;no&#8221;][vc_row_inner][vc_column_inner width=&#8221;1\/2&#8243; woodmart_color_scheme=&#8221;light&#8221; woodmart_css_id=&#8221;69b99e6c76c29&#8243; parallax_scroll=&#8221;no&#8221; woodmart_sticky_column=&#8221;false&#8221; wd_collapsible_content_switcher=&#8221;no&#8221; wd_column_role_offcanvas_desktop=&#8221;no&#8221; wd_column_role_offcanvas_tablet=&#8221;no&#8221; wd_column_role_offcanvas_mobile=&#8221;no&#8221; wd_column_role_content_desktop=&#8221;no&#8221; wd_column_role_content_tablet=&#8221;no&#8221; wd_column_role_content_mobile=&#8221;no&#8221; mobile_bg_img_hidden=&#8221;no&#8221; tablet_bg_img_hidden=&#8221;no&#8221; woodmart_parallax=&#8221;0&#8243; woodmart_box_shadow=&#8221;no&#8221; responsive_spacing=&#8221;eyJwYXJhbV90eXBlIjoid29vZG1hcnRfcmVzcG9uc2l2ZV9zcGFjaW5nIiwic2VsZWN0b3JfaWQiOiI2OWI5OWU2Yzc2YzI5Iiwic2hvcnRjb2RlIjoidmNfY29sdW1uX2lubmVyIiwiZGF0YSI6eyJ0YWJsZXQiOnt9LCJtb2JpbGUiOnt9fX0=&#8221; wd_z_index=&#8221;no&#8221;]\n\t\t<div id=\"wd-69b99e9f43cef\" class=\"title-wrapper wd-wpb wd-set-mb reset-last-child  wd-rs-69b99e9f43cef wd-title-color-primary wd-title-style-default text-center  wd-underline-colored\">\n\t\t\t\n\t\t\t<div class=\"liner-continer\">\n\t\t\t\t<h4 class=\"woodmart-title-container title  wd-font-weight- wd-fontsize-xl\" >Tirsdag Opsamling<\/h4>\n\t\t\t\t\t\t\t<\/div>\n\t\t\t\n\t\t\t\n\t\t\t\n\t\t<\/div>\n\t\t\n\t\t[vc_table]Lokation,Tidspunkt|Esbjerg%20-%20S%C3%A6dding%20fyr,8.40|Esbjerg%20-%20Gl.%20Vardevej,8.50|Esbjerg%20-%20Museeumspladen,9.00|Esbjerg%20-%20Steng%C3%A5rden%20v%2F%20Lidl,9.05|Ribe%20-%20Parkeringsplads%20v%2F%20F%C3%B8tex,9.40|Hviding%20-%20K%C3%B8bmanden,9.50|Sk%C3%A6rb%C3%A6k%20-%20Hovedgaden,10.00[\/vc_table][\/vc_column_inner][vc_column_inner width=&#8221;1\/2&#8243; woodmart_color_scheme=&#8221;light&#8221; woodmart_css_id=&#8221;69b99e6f952f9&#8243; parallax_scroll=&#8221;no&#8221; woodmart_sticky_column=&#8221;false&#8221; wd_collapsible_content_switcher=&#8221;no&#8221; wd_column_role_offcanvas_desktop=&#8221;no&#8221; wd_column_role_offcanvas_tablet=&#8221;no&#8221; wd_column_role_offcanvas_mobile=&#8221;no&#8221; wd_column_role_content_desktop=&#8221;no&#8221; wd_column_role_content_tablet=&#8221;no&#8221; wd_column_role_content_mobile=&#8221;no&#8221; mobile_bg_img_hidden=&#8221;no&#8221; tablet_bg_img_hidden=&#8221;no&#8221; woodmart_parallax=&#8221;0&#8243; woodmart_box_shadow=&#8221;no&#8221; responsive_spacing=&#8221;eyJwYXJhbV90eXBlIjoid29vZG1hcnRfcmVzcG9uc2l2ZV9zcGFjaW5nIiwic2VsZWN0b3JfaWQiOiI2OWI5OWU2Zjk1MmY5Iiwic2hvcnRjb2RlIjoidmNfY29sdW1uX2lubmVyIiwiZGF0YSI6eyJ0YWJsZXQiOnt9LCJtb2JpbGUiOnt9fX0=&#8221; wd_z_index=&#8221;no&#8221;]\n\t\t<div id=\"wd-69b99ea58bab5\" class=\"title-wrapper wd-wpb wd-set-mb reset-last-child  wd-rs-69b99ea58bab5 wd-title-color-primary wd-title-style-default text-center  wd-underline-colored\">\n\t\t\t\n\t\t\t<div class=\"liner-continer\">\n\t\t\t\t<h4 class=\"woodmart-title-container title  wd-font-weight- wd-fontsize-xl\" >S\u00f8ndag Opsamling<\/h4>\n\t\t\t\t\t\t\t<\/div>\n\t\t\t\n\t\t\t\n\t\t\t\n\t\t<\/div>\n\t\t\n\t\t[vc_table]Lokation,Tidspunkt|Esbjerg%20-%20S%C3%A6dding%20fyr,9.40|Esbjerg%20-%20Gl.%20Vardevej,9.50|Esbjerg%20-%20Museeumspladen,10.00|Esbjerg%20-%20Steng%C3%A5rden%20v%2F%20Lidl,10.05|Ribe%20-%20Parkeringsplads%20v%2F%20F%C3%B8tex,10.40|Hviding%20-%20K%C3%B8bmanden,10.45|Sk%C3%A6rb%C3%A6k%20-%20Hovedgaden,10.55[\/vc_table][\/vc_column_inner][\/vc_row_inner][\/vc_column][\/vc_row]<\/p>\n<\/div>","protected":false},"excerpt":{"rendered":"<p>[vc_row][vc_column width=&#8221;1\/2&#8243;][\/vc_column][vc_column width=&#8221;1\/2&#8243;][\/vc_column][\/vc_row][vc_row css=&#8221;.vc_custom_1773772382935{background-color: #005E3C !important;border-radius: 30px !important;}&#8221; woodmart_css_id=&#8221;69b99e4f43259&#8243; responsive_spacing=&#8221;eyJwYXJhbV90eXBlIjoid29vZG1hcnRfcmVzcG9uc2l2ZV9zcGFjaW5nIiwic2VsZWN0b3JfaWQiOiI2OWI5OWU0ZjQzMjU5Iiwic2hvcnRjb2RlIjoidmNfcm93IiwiZGF0YSI6eyJ0YWJsZXQiOnt9LCJtb2JpbGUiOnt9fX0=&#8221; mobile_bg_img_hidden=&#8221;no&#8221; tablet_bg_img_hidden=&#8221;no&#8221; woodmart_parallax=&#8221;0&#8243; woodmart_gradient_switch=&#8221;no&#8221; woodmart_box_shadow=&#8221;no&#8221; wd_z_index=&#8221;no&#8221; woodmart_disable_overflow=&#8221;0&#8243; row_reverse_mobile=&#8221;0&#8243; row_reverse_tablet=&#8221;0&#8243;][vc_column woodmart_color_scheme=&#8221;dark&#8221;<\/p>\n","protected":false},"author":2,"featured_media":0,"parent":0,"menu_order":0,"comment_status":"closed","ping_status":"closed","template":"","meta":{"footnotes":""},"class_list":["post-9550","page","type-page","status-publish","hentry"],"yoast_head":"<!-- This site is optimized with the Yoast SEO plugin v27.1.1 - https:\/\/yoast.com\/product\/yoast-seo-wordpress\/ -->\n<title>Indk\u00f8bsture - Iversenbusser<\/title>\n<meta name=\"robots\" content=\"noindex, follow, max-snippet:-1, max-image-preview:large, max-video-preview:-1\" \/>\n<meta property=\"og:locale\" content=\"da_DK\" \/>\n<meta property=\"og:type\" content=\"article\" \/>\n<meta property=\"og:title\" content=\"Indk\u00f8bsture - Iversenbusser\" \/>\n<meta property=\"og:description\" content=\"[vc_row][vc_column width=&#8221;1\/2&#8243;][\/vc_column][vc_column width=&#8221;1\/2&#8243;][\/vc_column][\/vc_row][vc_row css=&#8221;.vc_custom_1773772382935{background-color: #005E3C !important;border-radius: 30px !important;}&#8221; woodmart_css_id=&#8221;69b99e4f43259&#8243; responsive_spacing=&#8221;eyJwYXJhbV90eXBlIjoid29vZG1hcnRfcmVzcG9uc2l2ZV9zcGFjaW5nIiwic2VsZWN0b3JfaWQiOiI2OWI5OWU0ZjQzMjU5Iiwic2hvcnRjb2RlIjoidmNfcm93IiwiZGF0YSI6eyJ0YWJsZXQiOnt9LCJtb2JpbGUiOnt9fX0=&#8221; mobile_bg_img_hidden=&#8221;no&#8221; tablet_bg_img_hidden=&#8221;no&#8221; woodmart_parallax=&#8221;0&#8243; woodmart_gradient_switch=&#8221;no&#8221; woodmart_box_shadow=&#8221;no&#8221; wd_z_index=&#8221;no&#8221; woodmart_disable_overflow=&#8221;0&#8243; row_reverse_mobile=&#8221;0&#8243; row_reverse_tablet=&#8221;0&#8243;][vc_column woodmart_color_scheme=&#8221;dark&#8221;\" \/>\n<meta property=\"og:url\" content=\"https:\/\/iversenbusser.ribemediehus.dk\/index.php\/indkoebsture\/\" \/>\n<meta property=\"og:site_name\" content=\"Iversenbusser\" \/>\n<meta property=\"article:modified_time\" content=\"2026-03-17T18:35:54+00:00\" \/>\n<meta name=\"twitter:card\" content=\"summary_large_image\" \/>\n<meta name=\"twitter:label1\" content=\"Estimeret l\u00e6setid\" \/>\n\t<meta name=\"twitter:data1\" content=\"1 minut\" \/>\n<script type=\"application\/ld+json\" class=\"yoast-schema-graph\">{\"@context\":\"https:\/\/schema.org\",\"@graph\":[{\"@type\":\"WebPage\",\"@id\":\"https:\/\/iversenbusser.ribemediehus.dk\/index.php\/indkoebsture\/\",\"url\":\"https:\/\/iversenbusser.ribemediehus.dk\/index.php\/indkoebsture\/\",\"name\":\"Indk\u00f8bsture - Iversenbusser\",\"isPartOf\":{\"@id\":\"https:\/\/iversenbusser.ribemediehus.dk\/#website\"},\"datePublished\":\"2026-03-09T12:45:49+00:00\",\"dateModified\":\"2026-03-17T18:35:54+00:00\",\"breadcrumb\":{\"@id\":\"https:\/\/iversenbusser.ribemediehus.dk\/index.php\/indkoebsture\/#breadcrumb\"},\"inLanguage\":\"da-DK\",\"potentialAction\":[{\"@type\":\"ReadAction\",\"target\":[\"https:\/\/iversenbusser.ribemediehus.dk\/index.php\/indkoebsture\/\"]}]},{\"@type\":\"BreadcrumbList\",\"@id\":\"https:\/\/iversenbusser.ribemediehus.dk\/index.php\/indkoebsture\/#breadcrumb\",\"itemListElement\":[{\"@type\":\"ListItem\",\"position\":1,\"name\":\"Hjem\",\"item\":\"https:\/\/iversenbusser.ribemediehus.dk\/\"},{\"@type\":\"ListItem\",\"position\":2,\"name\":\"Indk\u00f8bsture\"}]},{\"@type\":\"WebSite\",\"@id\":\"https:\/\/iversenbusser.ribemediehus.dk\/#website\",\"url\":\"https:\/\/iversenbusser.ribemediehus.dk\/\",\"name\":\"Iversenbusser\",\"description\":\"\",\"potentialAction\":[{\"@type\":\"SearchAction\",\"target\":{\"@type\":\"EntryPoint\",\"urlTemplate\":\"https:\/\/iversenbusser.ribemediehus.dk\/?s={search_term_string}\"},\"query-input\":{\"@type\":\"PropertyValueSpecification\",\"valueRequired\":true,\"valueName\":\"search_term_string\"}}],\"inLanguage\":\"da-DK\"}]}<\/script>\n<!-- \/ Yoast SEO plugin. -->","yoast_head_json":{"title":"Indk\u00f8bsture - Iversenbusser","robots":{"index":"noindex","follow":"follow","max-snippet":"max-snippet:-1","max-image-preview":"max-image-preview:large","max-video-preview":"max-video-preview:-1"},"og_locale":"da_DK","og_type":"article","og_title":"Indk\u00f8bsture - Iversenbusser","og_description":"[vc_row][vc_column width=&#8221;1\/2&#8243;][\/vc_column][vc_column width=&#8221;1\/2&#8243;][\/vc_column][\/vc_row][vc_row css=&#8221;.vc_custom_1773772382935{background-color: #005E3C !important;border-radius: 30px !important;}&#8221; woodmart_css_id=&#8221;69b99e4f43259&#8243; responsive_spacing=&#8221;eyJwYXJhbV90eXBlIjoid29vZG1hcnRfcmVzcG9uc2l2ZV9zcGFjaW5nIiwic2VsZWN0b3JfaWQiOiI2OWI5OWU0ZjQzMjU5Iiwic2hvcnRjb2RlIjoidmNfcm93IiwiZGF0YSI6eyJ0YWJsZXQiOnt9LCJtb2JpbGUiOnt9fX0=&#8221; mobile_bg_img_hidden=&#8221;no&#8221; tablet_bg_img_hidden=&#8221;no&#8221; woodmart_parallax=&#8221;0&#8243; woodmart_gradient_switch=&#8221;no&#8221; woodmart_box_shadow=&#8221;no&#8221; wd_z_index=&#8221;no&#8221; woodmart_disable_overflow=&#8221;0&#8243; row_reverse_mobile=&#8221;0&#8243; row_reverse_tablet=&#8221;0&#8243;][vc_column woodmart_color_scheme=&#8221;dark&#8221;","og_url":"https:\/\/iversenbusser.ribemediehus.dk\/index.php\/indkoebsture\/","og_site_name":"Iversenbusser","article_modified_time":"2026-03-17T18:35:54+00:00","twitter_card":"summary_large_image","twitter_misc":{"Estimeret l\u00e6setid":"1 minut"},"schema":{"@context":"https:\/\/schema.org","@graph":[{"@type":"WebPage","@id":"https:\/\/iversenbusser.ribemediehus.dk\/index.php\/indkoebsture\/","url":"https:\/\/iversenbusser.ribemediehus.dk\/index.php\/indkoebsture\/","name":"Indk\u00f8bsture - Iversenbusser","isPartOf":{"@id":"https:\/\/iversenbusser.ribemediehus.dk\/#website"},"datePublished":"2026-03-09T12:45:49+00:00","dateModified":"2026-03-17T18:35:54+00:00","breadcrumb":{"@id":"https:\/\/iversenbusser.ribemediehus.dk\/index.php\/indkoebsture\/#breadcrumb"},"inLanguage":"da-DK","potentialAction":[{"@type":"ReadAction","target":["https:\/\/iversenbusser.ribemediehus.dk\/index.php\/indkoebsture\/"]}]},{"@type":"BreadcrumbList","@id":"https:\/\/iversenbusser.ribemediehus.dk\/index.php\/indkoebsture\/#breadcrumb","itemListElement":[{"@type":"ListItem","position":1,"name":"Hjem","item":"https:\/\/iversenbusser.ribemediehus.dk\/"},{"@type":"ListItem","position":2,"name":"Indk\u00f8bsture"}]},{"@type":"WebSite","@id":"https:\/\/iversenbusser.ribemediehus.dk\/#website","url":"https:\/\/iversenbusser.ribemediehus.dk\/","name":"Iversenbusser","description":"","potentialAction":[{"@type":"SearchAction","target":{"@type":"EntryPoint","urlTemplate":"https:\/\/iversenbusser.ribemediehus.dk\/?s={search_term_string}"},"query-input":{"@type":"PropertyValueSpecification","valueRequired":true,"valueName":"search_term_string"}}],"inLanguage":"da-DK"}]}},"_links":{"self":[{"href":"https:\/\/iversenbusser.ribemediehus.dk\/index.php\/wp-json\/wp\/v2\/pages\/9550","targetHints":{"allow":["GET"]}}],"collection":[{"href":"https:\/\/iversenbusser.ribemediehus.dk\/index.php\/wp-json\/wp\/v2\/pages"}],"about":[{"href":"https:\/\/iversenbusser.ribemediehus.dk\/index.php\/wp-json\/wp\/v2\/types\/page"}],"author":[{"embeddable":true,"href":"https:\/\/iversenbusser.ribemediehus.dk\/index.php\/wp-json\/wp\/v2\/users\/2"}],"replies":[{"embeddable":true,"href":"https:\/\/iversenbusser.ribemediehus.dk\/index.php\/wp-json\/wp\/v2\/comments?post=9550"}],"version-history":[{"count":29,"href":"https:\/\/iversenbusser.ribemediehus.dk\/index.php\/wp-json\/wp\/v2\/pages\/9550\/revisions"}],"predecessor-version":[{"id":9682,"href":"https:\/\/iversenbusser.ribemediehus.dk\/index.php\/wp-json\/wp\/v2\/pages\/9550\/revisions\/9682"}],"wp:attachment":[{"href":"https:\/\/iversenbusser.ribemediehus.dk\/index.php\/wp-json\/wp\/v2\/media?parent=9550"}],"curies":[{"name":"wp","href":"https:\/\/api.w.org\/{rel}","templated":true}]}}